{"id":250,"date":"2013-05-14T12:21:19","date_gmt":"2013-05-14T12:21:19","guid":{"rendered":"http:\/\/www.escolasystemnews.com.br\/?page_id=250"},"modified":"2025-07-02T19:56:58","modified_gmt":"2025-07-02T19:56:58","slug":"vagas-de-emprego","status":"publish","type":"page","link":"https:\/\/www.escolasystemnews.com.br\/?page_id=250","title":{"rendered":"Vagas de Emprego"},"content":{"rendered":"\n<p class=\"has-text-align-center\">No Momento n\u00e3o temos Vagas para Anunciar. Fique atento para qualquer informa\u00e7\u00e3o<\/p>\n","protected":false},"excerpt":{"rendered":"<p>No Momento n\u00e3o temos Vagas para Anunciar. Fique atento para qualquer informa\u00e7\u00e3o<\/p>\n","protected":false},"author":2,"featured_media":0,"parent":0,"menu_order":0,"comment_status":"closed","ping_status":"open","template":"","meta":{"footnotes":""},"class_list":["post-250","page","type-page","status-publish","hentry"],"aioseo_notices":[],"_links":{"self":[{"href":"https:\/\/www.escolasystemnews.com.br\/index.php?rest_route=\/wp\/v2\/pages\/250","targetHints":{"allow":["GET"]}}],"collection":[{"href":"https:\/\/www.escolasystemnews.com.br\/index.php?rest_route=\/wp\/v2\/pages"}],"about":[{"href":"https:\/\/www.escolasystemnews.com.br\/index.php?rest_route=\/wp\/v2\/types\/page"}],"author":[{"embeddable":true,"href":"https:\/\/www.escolasystemnews.com.br\/index.php?rest_route=\/wp\/v2\/users\/2"}],"replies":[{"embeddable":true,"href":"https:\/\/www.escolasystemnews.com.br\/index.php?rest_route=%2Fwp%2Fv2%2Fcomments&post=250"}],"version-history":[{"count":15,"href":"https:\/\/www.escolasystemnews.com.br\/index.php?rest_route=\/wp\/v2\/pages\/250\/revisions"}],"predecessor-version":[{"id":1087,"href":"https:\/\/www.escolasystemnews.com.br\/index.php?rest_route=\/wp\/v2\/pages\/250\/revisions\/1087"}],"wp:attachment":[{"href":"https:\/\/www.escolasystemnews.com.br\/index.php?rest_route=%2Fwp%2Fv2%2Fmedia&parent=250"}],"curies":[{"name":"wp","href":"https:\/\/api.w.org\/{rel}","templated":true}]}}