{"id":17,"date":"2012-05-31T14:11:37","date_gmt":"2012-05-31T14:11:37","guid":{"rendered":"http:\/\/www.escolasystemnews.com.br\/?page_id=17"},"modified":"2026-03-24T12:10:48","modified_gmt":"2026-03-24T12:10:48","slug":"horarios","status":"publish","type":"page","link":"https:\/\/www.escolasystemnews.com.br\/?page_id=17","title":{"rendered":"Hor\u00e1rios de Funcionamento"},"content":{"rendered":"\n\n\n<h3 class=\"wp-block-heading has-text-align-center\"><strong>Segunda \u00e0 Quinta &#8211; Feira<\/strong><\/h3>\n\n\n\n<p><\/p>\n\n\n\n<h4 class=\"wp-block-heading has-text-align-center\">09h \u00e0s 19h<\/h4>\n\n\n\n<p><\/p>\n\n\n\n<h3 class=\"wp-block-heading has-text-align-center\"><strong>Sexta &#8211; Feira<\/strong><\/h3>\n\n\n\n<p><\/p>\n\n\n\n<h4 class=\"wp-block-heading has-text-align-center\">09h \u00e1s 18h<\/h4>\n\n\n\n<p><\/p>\n\n\n\n<h3 class=\"wp-block-heading has-text-align-center\"><strong>S\u00e1bado<\/strong><\/h3>\n\n\n\n<p><\/p>\n\n\n\n<h3 class=\"wp-block-heading has-text-align-center\">08h \u00e1s 16h<\/h3>\n","protected":false},"excerpt":{"rendered":"<p>Segunda \u00e0 Quinta &#8211; Feira 09h \u00e0s 19h Sexta &#8211; Feira 09h \u00e1s 18h S\u00e1bado 08h \u00e1s 16h<\/p>\n","protected":false},"author":2,"featured_media":0,"parent":0,"menu_order":0,"comment_status":"open","ping_status":"open","template":"","meta":{"footnotes":""},"class_list":["post-17","page","type-page","status-publish","hentry"],"aioseo_notices":[],"_links":{"self":[{"href":"https:\/\/www.escolasystemnews.com.br\/index.php?rest_route=\/wp\/v2\/pages\/17","targetHints":{"allow":["GET"]}}],"collection":[{"href":"https:\/\/www.escolasystemnews.com.br\/index.php?rest_route=\/wp\/v2\/pages"}],"about":[{"href":"https:\/\/www.escolasystemnews.com.br\/index.php?rest_route=\/wp\/v2\/types\/page"}],"author":[{"embeddable":true,"href":"https:\/\/www.escolasystemnews.com.br\/index.php?rest_route=\/wp\/v2\/users\/2"}],"replies":[{"embeddable":true,"href":"https:\/\/www.escolasystemnews.com.br\/index.php?rest_route=%2Fwp%2Fv2%2Fcomments&post=17"}],"version-history":[{"count":14,"href":"https:\/\/www.escolasystemnews.com.br\/index.php?rest_route=\/wp\/v2\/pages\/17\/revisions"}],"predecessor-version":[{"id":1219,"href":"https:\/\/www.escolasystemnews.com.br\/index.php?rest_route=\/wp\/v2\/pages\/17\/revisions\/1219"}],"wp:attachment":[{"href":"https:\/\/www.escolasystemnews.com.br\/index.php?rest_route=%2Fwp%2Fv2%2Fmedia&parent=17"}],"curies":[{"name":"wp","href":"https:\/\/api.w.org\/{rel}","templated":true}]}}