{"id":13,"date":"2012-05-31T14:10:47","date_gmt":"2012-05-31T14:10:47","guid":{"rendered":"http:\/\/www.escolasystemnews.com.br\/?page_id=13"},"modified":"2026-03-24T12:29:06","modified_gmt":"2026-03-24T12:29:06","slug":"eventos","status":"publish","type":"page","link":"https:\/\/www.escolasystemnews.com.br\/?page_id=13","title":{"rendered":"Eventos"},"content":{"rendered":"<p style=\"text-align: center;\">A System News realiza diversos eventos todos os anos para os seus alunos, assim enriquecendo mais os seus conhecimentos para o mercado de trabalho.<\/p>\n<p><strong>Eventos realizados<\/strong><\/p>\n<ul>\n<li>Programa de est\u00e1gio<\/li>\n<li>Campeonato de digita\u00e7\u00e3o<\/li>\n<li>Cadastramentos de curr\u00edculos<\/li>\n<li>Workshops de nossos cursos<\/li>\n<li>Olimp\u00edadas System<\/li>\n<\/ul>\n","protected":false},"excerpt":{"rendered":"<p>A System News realiza diversos eventos todos os anos para os seus alunos, assim enriquecendo mais os seus conhecimentos para o mercado de trabalho. Eventos realizados Programa de est\u00e1gio Campeonato de digita\u00e7\u00e3o Cadastramentos de curr\u00edculos Workshops de nossos cursos Olimp\u00edadas System<\/p>\n","protected":false},"author":2,"featured_media":0,"parent":0,"menu_order":0,"comment_status":"open","ping_status":"open","template":"","meta":{"footnotes":""},"class_list":["post-13","page","type-page","status-publish","hentry"],"aioseo_notices":[],"_links":{"self":[{"href":"https:\/\/www.escolasystemnews.com.br\/index.php?rest_route=\/wp\/v2\/pages\/13","targetHints":{"allow":["GET"]}}],"collection":[{"href":"https:\/\/www.escolasystemnews.com.br\/index.php?rest_route=\/wp\/v2\/pages"}],"about":[{"href":"https:\/\/www.escolasystemnews.com.br\/index.php?rest_route=\/wp\/v2\/types\/page"}],"author":[{"embeddable":true,"href":"https:\/\/www.escolasystemnews.com.br\/index.php?rest_route=\/wp\/v2\/users\/2"}],"replies":[{"embeddable":true,"href":"https:\/\/www.escolasystemnews.com.br\/index.php?rest_route=%2Fwp%2Fv2%2Fcomments&post=13"}],"version-history":[{"count":5,"href":"https:\/\/www.escolasystemnews.com.br\/index.php?rest_route=\/wp\/v2\/pages\/13\/revisions"}],"predecessor-version":[{"id":1221,"href":"https:\/\/www.escolasystemnews.com.br\/index.php?rest_route=\/wp\/v2\/pages\/13\/revisions\/1221"}],"wp:attachment":[{"href":"https:\/\/www.escolasystemnews.com.br\/index.php?rest_route=%2Fwp%2Fv2%2Fmedia&parent=13"}],"curies":[{"name":"wp","href":"https:\/\/api.w.org\/{rel}","templated":true}]}}