{"id":1184,"date":"2026-02-04T15:11:05","date_gmt":"2026-02-04T15:11:05","guid":{"rendered":"http:\/\/www.escolasystemnews.com.br\/?page_id=1184"},"modified":"2026-03-25T14:07:54","modified_gmt":"2026-03-25T14:07:54","slug":"cursos-area-criativa","status":"publish","type":"page","link":"https:\/\/www.escolasystemnews.com.br\/?page_id=1184","title":{"rendered":"Cursos \u00c1rea Criativa"},"content":{"rendered":"\n<p class=\"has-text-align-center has-large-font-size\"><strong>WEBDESIGN 6 MESES (56 Horas)<\/strong><\/p>\n\n\n\n<ul class=\"wp-block-list has-medium-font-size\">\n<li>HTML\/JavaScript<\/li>\n\n\n\n<li>Phyton\/Csharp(C#)<\/li>\n\n\n\n<li>Adobe Indesign\/IA<\/li>\n\n\n\n<li>Projeto<\/li>\n<\/ul>\n\n\n\n<p class=\"has-text-align-center has-large-font-size\"><strong>DESIGN GR\u00c1FICO 6 MESES (56 Horas)<\/strong><\/p>\n\n\n\n<ul class=\"wp-block-list has-medium-font-size\">\n<li>Corel Draw<\/li>\n\n\n\n<li>Adobe Ilustrator<\/li>\n\n\n\n<li>Adobe Photoshop<\/li>\n\n\n\n<li>Canva\/Filmora\/IA<\/li>\n\n\n\n<li>Projeto<\/li>\n<\/ul>\n\n\n\n<p class=\"has-text-align-center has-large-font-size\"><strong>CRIA\u00c7\u00c3O DE GAMES 12 MESES (96 Horas) &#8211; (EM PROCESSO DE REMODELAGEM)<\/strong><\/p>\n\n\n\n<ul class=\"wp-block-list has-medium-font-size\">\n<li>Corel Draw<\/li>\n\n\n\n<li>Photoshop<\/li>\n\n\n\n<li>L\u00f3gica de Programa\u00e7\u00e3o<\/li>\n\n\n\n<li>GameMaker<\/li>\n\n\n\n<li>Construct<\/li>\n\n\n\n<li>Projeto Final<\/li>\n<\/ul>\n\n\n\n<p class=\"has-text-align-center has-large-font-size\"><strong>ANIMA\u00c7\u00c3O 2D 24 MESES (192 Horas)<\/strong><\/p>\n\n\n\n<p class=\"has-large-font-size\"><strong>1\u00ba Ano<\/strong><\/p>\n\n\n\n<ul class=\"wp-block-list has-medium-font-size\">\n<li>Ferramentas e Software de Anima\u00e7\u00e3o<\/li>\n\n\n\n<li>12 Pric\u00edpios de Anima\u00e7\u00e3o<\/li>\n\n\n\n<li>Fundamentos da Anima\u00e7\u00e3o<\/li>\n\n\n\n<li>Anima\u00e7\u00e3o de Personagem<\/li>\n<\/ul>\n\n\n\n<p class=\"has-large-font-size\"><strong>2\u00ba Ano<\/strong><\/p>\n\n\n\n<ul class=\"wp-block-list has-medium-font-size\">\n<li>Rig de Fundamentos<\/li>\n\n\n\n<li>Rig de Personagens<\/li>\n\n\n\n<li>Masttert Controler<\/li>\n\n\n\n<li>Projeto Final<\/li>\n<\/ul>\n","protected":false},"excerpt":{"rendered":"<p>WEBDESIGN 6 MESES (56 Horas) DESIGN GR\u00c1FICO 6 MESES (56 Horas) CRIA\u00c7\u00c3O DE GAMES 12 MESES (96 Horas) &#8211; (EM PROCESSO DE REMODELAGEM) ANIMA\u00c7\u00c3O 2D 24 MESES (192 Horas) 1\u00ba Ano 2\u00ba Ano<\/p>\n","protected":false},"author":2,"featured_media":0,"parent":0,"menu_order":0,"comment_status":"closed","ping_status":"closed","template":"elementor_theme","meta":{"footnotes":""},"class_list":["post-1184","page","type-page","status-publish","hentry"],"aioseo_notices":[],"_links":{"self":[{"href":"https:\/\/www.escolasystemnews.com.br\/index.php?rest_route=\/wp\/v2\/pages\/1184","targetHints":{"allow":["GET"]}}],"collection":[{"href":"https:\/\/www.escolasystemnews.com.br\/index.php?rest_route=\/wp\/v2\/pages"}],"about":[{"href":"https:\/\/www.escolasystemnews.com.br\/index.php?rest_route=\/wp\/v2\/types\/page"}],"author":[{"embeddable":true,"href":"https:\/\/www.escolasystemnews.com.br\/index.php?rest_route=\/wp\/v2\/users\/2"}],"replies":[{"embeddable":true,"href":"https:\/\/www.escolasystemnews.com.br\/index.php?rest_route=%2Fwp%2Fv2%2Fcomments&post=1184"}],"version-history":[{"count":3,"href":"https:\/\/www.escolasystemnews.com.br\/index.php?rest_route=\/wp\/v2\/pages\/1184\/revisions"}],"predecessor-version":[{"id":1260,"href":"https:\/\/www.escolasystemnews.com.br\/index.php?rest_route=\/wp\/v2\/pages\/1184\/revisions\/1260"}],"wp:attachment":[{"href":"https:\/\/www.escolasystemnews.com.br\/index.php?rest_route=%2Fwp%2Fv2%2Fmedia&parent=1184"}],"curies":[{"name":"wp","href":"https:\/\/api.w.org\/{rel}","templated":true}]}}