{"id":1181,"date":"2026-02-04T15:00:34","date_gmt":"2026-02-04T15:00:34","guid":{"rendered":"http:\/\/www.escolasystemnews.com.br\/?page_id=1181"},"modified":"2026-03-25T12:57:27","modified_gmt":"2026-03-25T12:57:27","slug":"cursos-area-gestao-e-negocios","status":"publish","type":"page","link":"https:\/\/www.escolasystemnews.com.br\/?page_id=1181","title":{"rendered":"Cursos \u00c1rea Gest\u00e3o e Neg\u00f3cios"},"content":{"rendered":"\n<p class=\"has-text-align-center has-large-font-size\"><strong>Gest\u00e3o Empresarial &#8211; 12 meses (96 Horas)<\/strong><\/p>\n\n\n\n<ul class=\"wp-block-list has-medium-font-size\">\n<li>Administra\u00e7\u00e3o<\/li>\n\n\n\n<li>Marketing<\/li>\n\n\n\n<li>Departamento Pessoal\/RH<\/li>\n\n\n\n<li class=\"has-medium-font-size\">Negocia\u00e7\u00e3o e Vendas<\/li>\n\n\n\n<li>Comunica\u00e7\u00e3o Empresarial<\/li>\n\n\n\n<li>Educa\u00e7\u00e3o Financeira<\/li>\n\n\n\n<li>Cr\u00e9dito e Cobran\u00e7a<\/li>\n\n\n\n<li>Contabilidade<\/li>\n\n\n\n<li>TCC<\/li>\n<\/ul>\n\n\n\n<p class=\"has-text-align-center has-large-font-size\"><strong>EXCEL AVAN\u00c7ADO &#8211; 6 MESES (56 Horas)<\/strong><\/p>\n\n\n\n<ul class=\"wp-block-list has-medium-font-size\">\n<li>Avan\u00e7ado 12 Aulas<\/li>\n\n\n\n<li>Deashboards 12 Aulas<\/li>\n<\/ul>\n\n\n\n<p class=\"has-text-align-center has-large-font-size\"><strong>POWER BI &#8211; 9 MESES (78 Horas)<\/strong><\/p>\n\n\n\n<ul class=\"wp-block-list has-medium-font-size\">\n<li>Introdu\u00e7\u00e3o<\/li>\n\n\n\n<li>Importa\u00e7\u00e3o de Planilhas<\/li>\n\n\n\n<li>Relacionamentos<\/li>\n\n\n\n<li>Fun\u00e7\u00e3o DAX<\/li>\n\n\n\n<li>Dashboards<\/li>\n<\/ul>\n\n\n\n<p class=\"has-text-align-center has-large-font-size\"><strong>EMPREENDEDORISMO(EM BREVE)<\/strong><\/p>\n","protected":false},"excerpt":{"rendered":"<p>Gest\u00e3o Empresarial &#8211; 12 meses (96 Horas) EXCEL AVAN\u00c7ADO &#8211; 6 MESES (56 Horas) POWER BI &#8211; 9 MESES (78 Horas) EMPREENDEDORISMO(EM BREVE)<\/p>\n","protected":false},"author":2,"featured_media":0,"parent":0,"menu_order":0,"comment_status":"closed","ping_status":"closed","template":"","meta":{"footnotes":""},"class_list":["post-1181","page","type-page","status-publish","hentry"],"aioseo_notices":[],"_links":{"self":[{"href":"https:\/\/www.escolasystemnews.com.br\/index.php?rest_route=\/wp\/v2\/pages\/1181","targetHints":{"allow":["GET"]}}],"collection":[{"href":"https:\/\/www.escolasystemnews.com.br\/index.php?rest_route=\/wp\/v2\/pages"}],"about":[{"href":"https:\/\/www.escolasystemnews.com.br\/index.php?rest_route=\/wp\/v2\/types\/page"}],"author":[{"embeddable":true,"href":"https:\/\/www.escolasystemnews.com.br\/index.php?rest_route=\/wp\/v2\/users\/2"}],"replies":[{"embeddable":true,"href":"https:\/\/www.escolasystemnews.com.br\/index.php?rest_route=%2Fwp%2Fv2%2Fcomments&post=1181"}],"version-history":[{"count":5,"href":"https:\/\/www.escolasystemnews.com.br\/index.php?rest_route=\/wp\/v2\/pages\/1181\/revisions"}],"predecessor-version":[{"id":1255,"href":"https:\/\/www.escolasystemnews.com.br\/index.php?rest_route=\/wp\/v2\/pages\/1181\/revisions\/1255"}],"wp:attachment":[{"href":"https:\/\/www.escolasystemnews.com.br\/index.php?rest_route=%2Fwp%2Fv2%2Fmedia&parent=1181"}],"curies":[{"name":"wp","href":"https:\/\/api.w.org\/{rel}","templated":true}]}}